{"id":17,"date":"2023-11-18T10:50:52","date_gmt":"2023-11-18T13:50:52","guid":{"rendered":"https:\/\/adangelasetor14.com.br\/agenda\/?page_id=17"},"modified":"2023-11-19T12:11:01","modified_gmt":"2023-11-19T15:11:01","slug":"home","status":"publish","type":"page","link":"https:\/\/adangelasetor14.com.br\/agenda\/","title":{"rendered":"Home"},"content":{"rendered":"\t\t<div data-elementor-type=\"wp-page\" data-elementor-id=\"17\" class=\"elementor elementor-17\" data-elementor-post-type=\"page\">\n\t\t\t\t\t\t\t<div data-particle_enable=\"false\" data-particle-mobile-disabled=\"false\" class=\"elementor-element elementor-element-7d12068 e-flex e-con-boxed e-con e-parent\" data-id=\"7d12068\" data-element_type=\"container\" data-settings=\"{&quot;background_background&quot;:&quot;classic&quot;,&quot;container_type&quot;:&quot;flex&quot;,&quot;content_width&quot;:&quot;boxed&quot;}\" data-core-v316-plus=\"true\">\n\t\t\t\t\t<div class=\"e-con-inner\">\n\t\t\t\t\t<\/div>\n\t\t\t\t<\/div>\n\t\t<div data-particle_enable=\"false\" data-particle-mobile-disabled=\"false\" class=\"elementor-element elementor-element-bdfbe7a e-flex e-con-boxed e-con e-parent\" data-id=\"bdfbe7a\" data-element_type=\"container\" data-settings=\"{&quot;container_type&quot;:&quot;flex&quot;,&quot;content_width&quot;:&quot;boxed&quot;}\" data-core-v316-plus=\"true\">\n\t\t\t\t\t<div class=\"e-con-inner\">\n\t\t\t\t<div class=\"elementor-element elementor-element-f7ecd26 elementor-widget elementor-widget-heading\" data-id=\"f7ecd26\" data-element_type=\"widget\" data-widget_type=\"heading.default\">\n\t\t\t\t<div class=\"elementor-widget-container\">\n\t\t\t<style>\/*! elementor - v3.17.0 - 08-11-2023 *\/\n.elementor-heading-title{padding:0;margin:0;line-height:1}.elementor-widget-heading .elementor-heading-title[class*=elementor-size-]>a{color:inherit;font-size:inherit;line-height:inherit}.elementor-widget-heading .elementor-heading-title.elementor-size-small{font-size:15px}.elementor-widget-heading .elementor-heading-title.elementor-size-medium{font-size:19px}.elementor-widget-heading .elementor-heading-title.elementor-size-large{font-size:29px}.elementor-widget-heading .elementor-heading-title.elementor-size-xl{font-size:39px}.elementor-widget-heading .elementor-heading-title.elementor-size-xxl{font-size:59px}<\/style><h2 class=\"elementor-heading-title elementor-size-default\">Conhe\u00e7a nossas congrega\u00e7\u00f5es<\/h2>\t\t<\/div>\n\t\t\t\t<\/div>\n\t\t\t\t<div class=\"elementor-element elementor-element-5dbf230 elementor-grid-3 elementor-grid-tablet-2 elementor-grid-mobile-1 elementor-posts--thumbnail-top elementor-card-shadow-yes elementor-posts__hover-gradient elementor-widget elementor-widget-posts\" data-id=\"5dbf230\" data-element_type=\"widget\" data-settings=\"{&quot;cards_columns&quot;:&quot;3&quot;,&quot;cards_columns_tablet&quot;:&quot;2&quot;,&quot;cards_columns_mobile&quot;:&quot;1&quot;,&quot;cards_row_gap&quot;:{&quot;unit&quot;:&quot;px&quot;,&quot;size&quot;:35,&quot;sizes&quot;:[]},&quot;cards_row_gap_tablet&quot;:{&quot;unit&quot;:&quot;px&quot;,&quot;size&quot;:&quot;&quot;,&quot;sizes&quot;:[]},&quot;cards_row_gap_mobile&quot;:{&quot;unit&quot;:&quot;px&quot;,&quot;size&quot;:&quot;&quot;,&quot;sizes&quot;:[]}}\" data-widget_type=\"posts.cards\">\n\t\t\t\t<div class=\"elementor-widget-container\">\n\t\t\t<link rel=\"stylesheet\" href=\"https:\/\/adangelasetor14.com.br\/agenda\/wp-content\/plugins\/elementor-pro\/assets\/css\/widget-posts.min.css\">\t\t<div class=\"elementor-posts-container elementor-posts elementor-posts--skin-cards elementor-grid\">\n\t\t\t\t<article class=\"elementor-post elementor-grid-item post-98 post type-post status-publish format-standard has-post-thumbnail hentry category-chacara-nani\">\n\t\t\t<div class=\"elementor-post__card\">\n\t\t\t\t<a class=\"elementor-post__thumbnail__link\" href=\"https:\/\/adangelasetor14.com.br\/agenda\/chacara-nani\/\" tabindex=\"-1\" ><div class=\"elementor-post__thumbnail\"><img fetchpriority=\"high\" decoding=\"async\" width=\"542\" height=\"581\" src=\"https:\/\/adangelasetor14.com.br\/agenda\/wp-content\/uploads\/2023\/11\/giovane.png\" class=\"attachment-full size-full wp-image-99\" alt=\"\" srcset=\"https:\/\/adangelasetor14.com.br\/agenda\/wp-content\/uploads\/2023\/11\/giovane.png 542w, https:\/\/adangelasetor14.com.br\/agenda\/wp-content\/uploads\/2023\/11\/giovane-280x300.png 280w\" sizes=\"(max-width: 542px) 100vw, 542px\" \/><\/div><\/a>\n\t\t\t\t<div class=\"elementor-post__text\">\n\t\t\t\t<h3 class=\"elementor-post__title\">\n\t\t\t<a href=\"https:\/\/adangelasetor14.com.br\/agenda\/chacara-nani\/\" >\n\t\t\t\tCh\u00e1cara Nani\t\t\t<\/a>\n\t\t<\/h3>\n\t\t\t\t<div class=\"elementor-post__excerpt\">\n\t\t\t<p>Estamos localizado na Rua Manoel Azevedo, 62<\/p>\n\t\t<\/div>\n\t\t\n\t\t<a class=\"elementor-post__read-more\" href=\"https:\/\/adangelasetor14.com.br\/agenda\/chacara-nani\/\" aria-label=\"Read more about Ch\u00e1cara Nani\" tabindex=\"-1\" >\n\t\t\tCONTINUAR \u00bb\t\t<\/a>\n\n\t\t\t\t<\/div>\n\t\t\t\t\t<\/div>\n\t\t<\/article>\n\t\t\t\t<article class=\"elementor-post elementor-grid-item post-91 post type-post status-publish format-standard has-post-thumbnail hentry category-capao-redondo\">\n\t\t\t<div class=\"elementor-post__card\">\n\t\t\t\t<a class=\"elementor-post__thumbnail__link\" href=\"https:\/\/adangelasetor14.com.br\/agenda\/capao-redondo\/\" tabindex=\"-1\" ><div class=\"elementor-post__thumbnail\"><img decoding=\"async\" width=\"542\" height=\"581\" src=\"https:\/\/adangelasetor14.com.br\/agenda\/wp-content\/uploads\/2023\/11\/bson.png\" class=\"attachment-full size-full wp-image-92\" alt=\"\" srcset=\"https:\/\/adangelasetor14.com.br\/agenda\/wp-content\/uploads\/2023\/11\/bson.png 542w, https:\/\/adangelasetor14.com.br\/agenda\/wp-content\/uploads\/2023\/11\/bson-280x300.png 280w\" sizes=\"(max-width: 542px) 100vw, 542px\" \/><\/div><\/a>\n\t\t\t\t<div class=\"elementor-post__text\">\n\t\t\t\t<h3 class=\"elementor-post__title\">\n\t\t\t<a href=\"https:\/\/adangelasetor14.com.br\/agenda\/capao-redondo\/\" >\n\t\t\t\tCap\u00e3o Redondo\t\t\t<\/a>\n\t\t<\/h3>\n\t\t\t\t<div class=\"elementor-post__excerpt\">\n\t\t\t<p>Estamos localizado na Rua Jo\u00e3o Robalo, 529<\/p>\n\t\t<\/div>\n\t\t\n\t\t<a class=\"elementor-post__read-more\" href=\"https:\/\/adangelasetor14.com.br\/agenda\/capao-redondo\/\" aria-label=\"Read more about Cap\u00e3o Redondo\" tabindex=\"-1\" >\n\t\t\tCONTINUAR \u00bb\t\t<\/a>\n\n\t\t\t\t<\/div>\n\t\t\t\t\t<\/div>\n\t\t<\/article>\n\t\t\t\t<article class=\"elementor-post elementor-grid-item post-55 post type-post status-publish format-standard has-post-thumbnail hentry category-sede\">\n\t\t\t<div class=\"elementor-post__card\">\n\t\t\t\t<a class=\"elementor-post__thumbnail__link\" href=\"https:\/\/adangelasetor14.com.br\/agenda\/jardim-angela\/\" tabindex=\"-1\" ><div class=\"elementor-post__thumbnail\"><img decoding=\"async\" width=\"542\" height=\"581\" src=\"https:\/\/adangelasetor14.com.br\/agenda\/wp-content\/uploads\/2023\/11\/Pr.MarcoseFlavia.png\" class=\"attachment-full size-full wp-image-58\" alt=\"\" srcset=\"https:\/\/adangelasetor14.com.br\/agenda\/wp-content\/uploads\/2023\/11\/Pr.MarcoseFlavia.png 542w, https:\/\/adangelasetor14.com.br\/agenda\/wp-content\/uploads\/2023\/11\/Pr.MarcoseFlavia-280x300.png 280w\" sizes=\"(max-width: 542px) 100vw, 542px\" \/><\/div><\/a>\n\t\t\t\t<div class=\"elementor-post__text\">\n\t\t\t\t<h3 class=\"elementor-post__title\">\n\t\t\t<a href=\"https:\/\/adangelasetor14.com.br\/agenda\/jardim-angela\/\" >\n\t\t\t\tJardim Angela\t\t\t<\/a>\n\t\t<\/h3>\n\t\t\t\t<div class=\"elementor-post__excerpt\">\n\t\t\t<p>Estamos localizado na Rua Pierre Legros, 200<\/p>\n\t\t<\/div>\n\t\t\n\t\t<a class=\"elementor-post__read-more\" href=\"https:\/\/adangelasetor14.com.br\/agenda\/jardim-angela\/\" aria-label=\"Read more about Jardim Angela\" tabindex=\"-1\" >\n\t\t\tCONTINUAR \u00bb\t\t<\/a>\n\n\t\t\t\t<\/div>\n\t\t\t\t\t<\/div>\n\t\t<\/article>\n\t\t\t\t<\/div>\n\t\t\n\t\t\t\t<\/div>\n\t\t\t\t<\/div>\n\t\t\t\t<div class=\"elementor-element elementor-element-42a4e72 elementor-align-right elementor-mobile-align-center elementor-widget elementor-widget-button\" data-id=\"42a4e72\" data-element_type=\"widget\" data-widget_type=\"button.default\">\n\t\t\t\t<div class=\"elementor-widget-container\">\n\t\t\t\t\t<div class=\"elementor-button-wrapper\">\n\t\t\t<a class=\"elementor-button elementor-button-link elementor-size-sm\" href=\"https:\/\/adangelasetor14.com.br\/agenda\/congregacoes\/\">\n\t\t\t\t\t\t<span class=\"elementor-button-content-wrapper\">\n\t\t\t\t\t\t<span class=\"elementor-button-icon elementor-align-icon-right\">\n\t\t\t\t<i aria-hidden=\"true\" class=\"fas fa-long-arrow-alt-right\"><\/i>\t\t\t<\/span>\n\t\t\t\t\t\t<span class=\"elementor-button-text\">Ver Tudo<\/span>\n\t\t<\/span>\n\t\t\t\t\t<\/a>\n\t\t<\/div>\n\t\t\t\t<\/div>\n\t\t\t\t<\/div>\n\t\t\t\t\t<\/div>\n\t\t\t\t<\/div>\n\t\t\t\t\t\t\t<\/div>\n\t\t","protected":false},"excerpt":{"rendered":"<p>Conhe\u00e7a nossas congrega\u00e7\u00f5es Ver Tudo<\/p>\n","protected":false},"author":1,"featured_media":0,"parent":0,"menu_order":0,"comment_status":"closed","ping_status":"closed","template":"elementor_header_footer","meta":{"footnotes":""},"class_list":["post-17","page","type-page","status-publish","hentry"],"_links":{"self":[{"href":"https:\/\/adangelasetor14.com.br\/agenda\/wp-json\/wp\/v2\/pages\/17","targetHints":{"allow":["GET"]}}],"collection":[{"href":"https:\/\/adangelasetor14.com.br\/agenda\/wp-json\/wp\/v2\/pages"}],"about":[{"href":"https:\/\/adangelasetor14.com.br\/agenda\/wp-json\/wp\/v2\/types\/page"}],"author":[{"embeddable":true,"href":"https:\/\/adangelasetor14.com.br\/agenda\/wp-json\/wp\/v2\/users\/1"}],"replies":[{"embeddable":true,"href":"https:\/\/adangelasetor14.com.br\/agenda\/wp-json\/wp\/v2\/comments?post=17"}],"version-history":[{"count":16,"href":"https:\/\/adangelasetor14.com.br\/agenda\/wp-json\/wp\/v2\/pages\/17\/revisions"}],"predecessor-version":[{"id":165,"href":"https:\/\/adangelasetor14.com.br\/agenda\/wp-json\/wp\/v2\/pages\/17\/revisions\/165"}],"wp:attachment":[{"href":"https:\/\/adangelasetor14.com.br\/agenda\/wp-json\/wp\/v2\/media?parent=17"}],"curies":[{"name":"wp","href":"https:\/\/api.w.org\/{rel}","templated":true}]}}